{"id":24,"date":"2021-07-05T09:12:08","date_gmt":"2021-07-05T07:12:08","guid":{"rendered":"https:\/\/merkaba.lima-city.de\/?page_id=24"},"modified":"2021-07-05T15:51:18","modified_gmt":"2021-07-05T13:51:18","slug":"impressum","status":"publish","type":"page","link":"https:\/\/www.rexcoffee.at\/?page_id=24","title":{"rendered":"Impressum"},"content":{"rendered":"\n<p>rexcoffee.at<br>Reinhard Jungmaier<br>Ufer 9<br>4072 Alkoven<br>Austria<br>+43 650 310 71 80<br>E-Mail:\u00a0<img decoding=\"async\" src=\"https:\/\/www.rexcoffee.at\/wp-content\/dsgvo-all-in-one-wp\/sserdaliame.png\"><\/p>\n\n\n\n<p><strong>Angaben zur Online-Streitbeilegung:<\/strong><br>Verbraucher haben die M\u00f6glichkeit, Beschwerden an die Online-Streitbeilegungsplattform der EU zu richten: http:\/\/ec.europa.eu\/odr. Sie k\u00f6nnen allf\u00e4llige Beschwerde auch an die oben angegebene E-Mail-Adresse richten<\/p>\n\n\n\n<p><strong>Copyright \/ Haftungsausschluss:<br><\/strong>Alle Rechte auf die Grafiken, Icons und Bilder, die auf www.rexcoffee.at, allen Unterseiten liegen bei den Betreibern der Seite.<br>Im Hinblick auf die technischen Eigenschaften des Internet kann keine Gew\u00e4hr f\u00fcr die Authentizit\u00e4t, Richtigkeit und Vollst\u00e4ndigkeit der im Internet zur Verf\u00fcgung gestellten Informationen \u00fcbernommen werden. Es wird auch keine Gew\u00e4hr f\u00fcr die Verf\u00fcgbarkeit oder den Betrieb der gegenst\u00e4ndlichen Homepage und ihrer Inhalte \u00fcbernommen. Jede Haftung f\u00fcr unmittelbare, mittelbare oder sonstige Sch\u00e4den, unabh\u00e4ngig von deren Ursachen, die aus der Benutzung oder Nichtverf\u00fcgbarkeit der Daten und Informationen dieser Homepage erwachsen, wird, soweit rechtlich zul\u00e4ssig, ausgeschlossen. Der Inhalt dieser Homepage ist urheberrechtlich gesch\u00fctzt. Die Informationen sind nur f\u00fcr die pers\u00f6nliche Verwendung bestimmt. Jede weitergehende Nutzung insbesondere die Speicherung in Datenbanken, Vervielf\u00e4ltigung und jede Form von gewerblicher Nutzung sowie die Weitergabe an Dritte \u2013 auch in Teilen oder in \u00fcberarbeiteter Form \u2013 ohne Zustimmung des Websiten-Inhabers ist untersagt.<\/p>\n\n\n\n<p><strong>Bildnachweis:<\/strong><\/p>\n\n\n\n<p>Die Bilder, Fotos und Grafiken auf dieser Webseite sind urheberrechtlich gesch\u00fctzt. Die Bilderrechte liegen bei Reinhard Jungmaier.<\/p>\n\n\n\n<p><strong>Haftung f\u00fcr Links:<br><\/strong>rexcoffee.at enth\u00e4lt Links zu externen Webseiten Dritter, auf deren Inhalte wir keinen Einfluss haben. Deshalb kann f\u00fcr diese fremden Inhalte auch keine Gew\u00e4hr \u00fcbernommen werden. F\u00fcr die Inhalte der verlinkten Seiten ist stets der jeweilige Anbieter oder Betreiber der Seiten verantwortlich. Die verlinkten Seiten wurden zum Zeitpunkt der Verlinkung auf m\u00f6gliche Rechtsverst\u00f6\u00dfe \u00fcberpr\u00fcft. Rechtswidrige Inhalte waren zum Zeitpunkt der Verlinkung nicht erkennbar. Eine permanente inhaltliche Kontrolle der verlinkten Seiten ist jedoch ohne konkrete Anhaltspunkte einer Rechtsverletzung nicht zumutbar. Bei Bekanntwerden von Rechtsverletzungen werden derartige Links umgehend entfernt.<\/p>\n","protected":false},"excerpt":{"rendered":"<p>rexcoffee.atReinhard JungmaierUfer 94072 AlkovenAustria+43 650 310 71 80E-Mail:\u00a0 Angaben zur Online-Streitbeilegung:Verbraucher haben die M\u00f6glichkeit, Beschwerden an die Online-Streitbeilegungsplattform der [&hellip;]<\/p>\n","protected":false},"author":1,"featured_media":0,"parent":0,"menu_order":0,"comment_status":"closed","ping_status":"closed","template":"","meta":{"footnotes":""},"class_list":["post-24","page","type-page","status-publish","hentry"],"_links":{"self":[{"href":"https:\/\/www.rexcoffee.at\/index.php?rest_route=\/wp\/v2\/pages\/24","targetHints":{"allow":["GET"]}}],"collection":[{"href":"https:\/\/www.rexcoffee.at\/index.php?rest_route=\/wp\/v2\/pages"}],"about":[{"href":"https:\/\/www.rexcoffee.at\/index.php?rest_route=\/wp\/v2\/types\/page"}],"author":[{"embeddable":true,"href":"https:\/\/www.rexcoffee.at\/index.php?rest_route=\/wp\/v2\/users\/1"}],"replies":[{"embeddable":true,"href":"https:\/\/www.rexcoffee.at\/index.php?rest_route=%2Fwp%2Fv2%2Fcomments&post=24"}],"version-history":[{"count":4,"href":"https:\/\/www.rexcoffee.at\/index.php?rest_route=\/wp\/v2\/pages\/24\/revisions"}],"predecessor-version":[{"id":80,"href":"https:\/\/www.rexcoffee.at\/index.php?rest_route=\/wp\/v2\/pages\/24\/revisions\/80"}],"wp:attachment":[{"href":"https:\/\/www.rexcoffee.at\/index.php?rest_route=%2Fwp%2Fv2%2Fmedia&parent=24"}],"curies":[{"name":"wp","href":"https:\/\/api.w.org\/{rel}","templated":true}]}}